{"id":151,"date":"2022-06-10T12:40:47","date_gmt":"2022-06-10T10:40:47","guid":{"rendered":"http:\/\/www.canoekayak-lemans.net\/?page_id=151"},"modified":"2023-01-09T17:52:26","modified_gmt":"2023-01-09T16:52:26","slug":"histoire","status":"publish","type":"page","link":"http:\/\/www.canoekayak-lemans.net\/index.php\/histoire\/","title":{"rendered":"Articles"},"content":{"rendered":"\n<p style=\"font-size:24px\">Par Didier Freslon:<\/p>\n\n\n\n<p class=\"has-medium-font-size\"><\/p>\n\n\n\n<div class=\"wp-block-columns is-layout-flex wp-container-core-columns-is-layout-9d6595d7 wp-block-columns-is-layout-flex\">\n<div class=\"wp-block-column is-layout-flow wp-block-column-is-layout-flow\" style=\"flex-basis:100%\"><ul class=\"wp-block-latest-posts__list wp-block-latest-posts\"><li><a class=\"wp-block-latest-posts__post-title\" href=\"http:\/\/www.canoekayak-lemans.net\/index.php\/2025\/12\/17\/st-leo-2025\/\">ST l\u00e9o 2025<\/a><div class=\"wp-block-latest-posts__post-excerpt\"><\/div><\/li>\n<li><a class=\"wp-block-latest-posts__post-title\" href=\"http:\/\/www.canoekayak-lemans.net\/index.php\/2025\/02\/24\/pontlieu-tant-quil-existe-encore\/\">Pontlieu tant qu&rsquo;il existe encore.<\/a><div class=\"wp-block-latest-posts__post-excerpt\">Depuis environ 50 ans sur les bords de l&rsquo;huisne, \u00e0 quelques pas de Pontlieu, se trouve le barrage du pont des Vend\u00e9ens, lieu de balade qui finit la promenade Newton o\u00f9 bon nombre de passants s&rsquo;arr\u00eatent. Il est aussi depuis sa construction le lieu de jeux&nbsp; des kayakistes du CKCM qui est situ\u00e9 \u00e0 l&rsquo;\u00eele[&#8230;]<\/div><\/li>\n<li><a class=\"wp-block-latest-posts__post-title\" href=\"http:\/\/www.canoekayak-lemans.net\/index.php\/2025\/01\/31\/evolution-de-votre-lieu-de-pratique\/\">Evolution de votre lieu de pratique<\/a><div class=\"wp-block-latest-posts__post-excerpt\">Toutes les infos sont sur ce document, hauteur d&rsquo;eau, ouvrage d&rsquo;art. Prenez le temps de le lire. D.F<\/div><\/li>\n<li><a class=\"wp-block-latest-posts__post-title\" href=\"http:\/\/www.canoekayak-lemans.net\/index.php\/2024\/12\/12\/le-canoe-scolaire-au-mans\/\">Le cano\u00eb scolaire au Mans<\/a><div class=\"wp-block-latest-posts__post-excerpt\">Ecole publique de Fay En 1984&nbsp;: L\u2019\u00e9cole publique de Fay participe pour la premi\u00e8re fois \u00e0 l\u2019activit\u00e9 cano\u00eb. &nbsp;Les parents emm\u00e8nent les enfants avec leurs v\u00e9hicules personnels le samedi matin. Eh oui&nbsp;! A l\u2019\u00e9poque, il y avait \u00e9cole le samedi matin et on convoiturait d\u00e8j\u00e0&nbsp;!. L\u2019intervenant est un instituteur d\u00e9tach\u00e9 par l\u2019inspection acad\u00e9mique&nbsp;: Herv\u00e9 Brocarel.[&#8230;]<\/div><\/li>\n<li><a class=\"wp-block-latest-posts__post-title\" href=\"http:\/\/www.canoekayak-lemans.net\/index.php\/2024\/10\/14\/st-pierre-de-boeuf-13-10-2024\/\">St Pierre de Boeuf 13.10.2024<\/a><div class=\"wp-block-latest-posts__post-excerpt\">Participation de Nathan au s\u00e9l\u00e9ctif de St Pierre de Boeuf: R\u00e9sultat LE TICKET pour les Frances Sprint \u00e0 VAYRE, Ils seront 2 en C1 aux Frances descente Nathan U 18 et Matt\u00e9o U 15 Bravo \u00e0 vous. Didier<\/div><\/li>\n<li><a class=\"wp-block-latest-posts__post-title\" href=\"http:\/\/www.canoekayak-lemans.net\/index.php\/2024\/09\/28\/hommage-a-michel-wieber\/\">Hommage \u00e0 Michel Wieber<\/a><div class=\"wp-block-latest-posts__post-excerpt\">Hommage \u00e0 Michel Wieber Le mardi 17 septembre, le gymnase du SUAPS situ\u00e9 au bas du campus de Le Mans Universit\u00e9 a \u00e9t\u00e9 nomm\u00e9 en hommage \u00e0 Michel Wieber ancien directeur du SUAPS, d\u00e9c\u00e9d\u00e9 en d\u00e9cembre dernier. Michel Wieber a dirig\u00e9 le SUAPS de 2007 \u00e0 2017. Durant cette p\u00e9riode, il a \u0153uvr\u00e9 sans rel\u00e2che[&#8230;]<\/div><\/li>\n<li><a class=\"wp-block-latest-posts__post-title\" href=\"http:\/\/www.canoekayak-lemans.net\/index.php\/2024\/09\/24\/jerome-marchais-a-cesson-2024\/\">J\u00e9rome Marchais \u00e0 Cesson 2024<\/a><div class=\"wp-block-latest-posts__post-excerpt\">Sur la vid\u00e9o ci-dessous J\u00e9rome, dossart 97 faire avancer le curseur de la vid\u00e9o \u00e0 1h21 37s bateau blanc avec des rayures, sur pontage avant et arri\u00e8re. Didier<\/div><\/li>\n<li><a class=\"wp-block-latest-posts__post-title\" href=\"http:\/\/www.canoekayak-lemans.net\/index.php\/2024\/09\/23\/la-cure-2024\/\">La Cure 2024<\/a><div class=\"wp-block-latest-posts__post-excerpt\">Une petite navigation sur la Cure (Morvan) haut lieu de r\u00e9sistance Maquis Camille. Cam\u00e9ra embarqu\u00e9e sur le casque de Nathan, en K1 transform\u00e9 en C1 avec beaucoup d&rsquo;ing\u00e9niosit\u00e9. S\u00e9curit\u00e9 Louis. Didier<\/div><\/li>\n<li><a class=\"wp-block-latest-posts__post-title\" href=\"http:\/\/www.canoekayak-lemans.net\/index.php\/2024\/08\/05\/behuard-05-08-2024\/\">B\u00e9huard 05.08.2024<\/a><div class=\"wp-block-latest-posts__post-excerpt\">Petite navigation estivale \u00e0 B\u00e9huard 7 personnes . Dommage de ce petit effectif. Didier<\/div><\/li>\n<li><a class=\"wp-block-latest-posts__post-title\" href=\"http:\/\/www.canoekayak-lemans.net\/index.php\/2024\/07\/06\/montfort-06-07-2024\/\">Montfort 06.07.2024<\/a><div class=\"wp-block-latest-posts__post-excerpt\">Encore Montfort Avec Pascal, Matt\u00e9o, Nathan, Aude, Emilion, Nicolas, Alain.Prochaine sortie B\u00e9huard 3 aout 2025 Didier<\/div><\/li>\n<li><a class=\"wp-block-latest-posts__post-title\" href=\"http:\/\/www.canoekayak-lemans.net\/index.php\/2024\/06\/29\/montfort-29-06-2024\/\">Montfort 29.06.2024<\/a><div class=\"wp-block-latest-posts__post-excerpt\">Sur les vid\u00e9os suivantes J\u00e9rome, Nathan, Mat\u00e9o, Emilion ,Aude, Nicolas une bonne s\u00e9ance de navigation sous l\u2019orage. Un grand bravo \u00e0 Aude qui nous vient de l\u2019aviron et qui trouve rapidement ses marques dans ce sport. Didier<\/div><\/li>\n<li><a class=\"wp-block-latest-posts__post-title\" href=\"http:\/\/www.canoekayak-lemans.net\/index.php\/2024\/04\/19\/la-pure-technique\/\">La pure technique.<\/a><div class=\"wp-block-latest-posts__post-excerpt\">Cela para\u00eet ringard, mais essayez!<\/div><\/li>\n<li><a class=\"wp-block-latest-posts__post-title\" href=\"http:\/\/www.canoekayak-lemans.net\/index.php\/2024\/02\/21\/construction-sous-vide\/\">Construction sous vide<\/a><div class=\"wp-block-latest-posts__post-excerpt\">Dans un avenir proche nous allons nous lancer dans \u00ab\u00a0le sous vide\u00bb. \u00a0Comme tout le monde je viens de visionner ces Tupos, cela para\u00eet simple quand c\u2019est les autres qui travaillent. J\u2019entends d\u00e9j\u00e0 les YAKA, FAUQU\u2019ON \u00a0et bien nous verrons le jours J. Comme l\u2019a dit Jacques, \u00e0 c\u0153ur vaillant rien d\u2019impossible. Didier<\/div><\/li>\n<li><a class=\"wp-block-latest-posts__post-title\" href=\"http:\/\/www.canoekayak-lemans.net\/index.php\/2024\/01\/30\/preparer-de-la-resine-si-vous-allez-sur-ces-rivieres\/\">Pr\u00e9parer de la r\u00e9sine si vous allez sur ces rivi\u00e8res.<\/a><div class=\"wp-block-latest-posts__post-excerpt\">Les fabricants de r\u00e9sines et de tissus ont eu un manque \u00e0 gagner avec l&rsquo;arr\u00eat de ces comp\u00e9titions! Didier<\/div><\/li>\n<li><a class=\"wp-block-latest-posts__post-title\" href=\"http:\/\/www.canoekayak-lemans.net\/index.php\/2024\/01\/28\/st-pavace-27-01-2024\/\">St Pavace 27.01.2024<\/a><div class=\"wp-block-latest-posts__post-excerpt\">1.50m \u00e0 l&rsquo;\u00e9chelle de Neuville merci Alain pour les photos Didier<\/div><\/li>\n<li><a class=\"wp-block-latest-posts__post-title\" href=\"http:\/\/www.canoekayak-lemans.net\/index.php\/2024\/01\/24\/il-ne-se-passe-rien\/\">Il ne se passe rien!<\/a><div class=\"wp-block-latest-posts__post-excerpt\">Sur cette vid\u00e9o il ne se passe rien et pourquoi il ne se passe rien? Tout simplement tout y est! 1: une cadence r\u00e9guli\u00e8re pas de coup de pagaie 2 fois du m\u00eame cot\u00e9 car le regard du kayakiste est port\u00e9 au loin. il a donc une vision anticip\u00e9e. Si nous avions une vision lat\u00e9rale[&#8230;]<\/div><\/li>\n<li><a class=\"wp-block-latest-posts__post-title\" href=\"http:\/\/www.canoekayak-lemans.net\/index.php\/2024\/01\/22\/c1-et-c2\/\">C1 et C2<\/a><div class=\"wp-block-latest-posts__post-excerpt\">Pour Matt\u00e9o et Nathan cet article (aussi pour les autres), vous vous lancez dans le C1, bonne r\u00e9solution. Dans cette vid\u00e9o de 95 mondial \u00e0 Bala (Ecosse), de grandes portions de plat, ce qui permet de voir les diff\u00e9rents styles, cadence rapide, lente, alternance des bord\u00e9es. Particularit\u00e9 de cette course, pas beaucoup de fond et[&#8230;]<\/div><\/li>\n<li><a class=\"wp-block-latest-posts__post-title\" href=\"http:\/\/www.canoekayak-lemans.net\/index.php\/2024\/01\/17\/stade-2-14-01-2024\/\">Stade 2 14.01.2024<\/a><div class=\"wp-block-latest-posts__post-excerpt\">Pour une fois que nous avons du kayak \u00e0 stade 2&#8230;..Ce reportage tombe juste au moment o\u00f9 la photo ci-dessous revient \u00e0 la surface. Le d\u00e9ment\u00e8lement f\u00e9d\u00e9ral a commenc\u00e9 il y a 30 ans par la descente. Introduction du sprint en bassin artificiel et donner \u00e0 cette pratique plus d&rsquo;importance que la course \u00ab\u00a0classique\u00a0\u00bb. R\u00e9duction[&#8230;]<\/div><\/li>\n<li><a class=\"wp-block-latest-posts__post-title\" href=\"http:\/\/www.canoekayak-lemans.net\/index.php\/2024\/01\/15\/les-ponts-de-ce-14-01-2024\/\">Les ponts de C\u00e9 14.01.2024<\/a><div class=\"wp-block-latest-posts__post-excerpt\">Vid\u00e9os prissent en amont et en aval de la trajectoire avec une vue de dessus on se rend compte de l&rsquo;influence des courants lat\u00e9raux. Pour y rem\u00e9dier all\u00e9gement de l&rsquo;\u00e9trave, ce qui permet un \u00ab\u00a0survol\u00a0\u00bb des zones incertaines. Mais le meilleur moyen c&rsquo;est de \u00ab\u00a0laisser\u00a0\u00bb libre son bateau et de pagayer, avec un bon appui.[&#8230;]<\/div><\/li>\n<li><a class=\"wp-block-latest-posts__post-title\" href=\"http:\/\/www.canoekayak-lemans.net\/index.php\/2024\/01\/08\/crue-2024\/\">Crue 2024<\/a><div class=\"wp-block-latest-posts__post-excerpt\">Ci-dessous une capture d&rsquo;\u00e9cran de vigie crue Station de Montfort qui est la plus proche du CKCM. Il faut environ 2 jours \u00e0 l&rsquo;onde crue pour arriver sur le club. Niveau d&rsquo;eau exceptionnel Lien vers Crue 1995 Didier<\/div><\/li>\n<li><a class=\"wp-block-latest-posts__post-title\" href=\"http:\/\/www.canoekayak-lemans.net\/index.php\/2023\/03\/06\/histoire-du-ckcm\/\">Histoire du CKCM<\/a><div class=\"wp-block-latest-posts__post-excerpt\">Naissance du Cano\u00eb-Kayak Club du MANS Article R\u00e9dig\u00e9 par Jacques Chardon Depuis mars 1964, des cano\u00e9istes se rencontrent r\u00e9guli\u00e8rement sur nos cours d&rsquo;eau r\u00e9gionaux Sarthe, Colmont, Rouvre, Orne.Tous sont \u00e9pris de comp\u00e9tition mais d\u00e9pendent de diff\u00e9rents groupes et de diff\u00e9rentes assurances, m\u00eame \u00e0 l&rsquo;int\u00e9rieur d&rsquo;un m\u00eame groupe. Il y a l\u00e0 principalement deux groupes, le[&#8230;]<\/div><\/li>\n<li><a class=\"wp-block-latest-posts__post-title\" href=\"http:\/\/www.canoekayak-lemans.net\/index.php\/2023\/01\/17\/le-rappel\/\">Le Rappel<\/a><div class=\"wp-block-latest-posts__post-excerpt\">Ce jour, voici le barrage du palais des Congr\u00e8s dans la veine de droite, un magnifique rappel. Mortel \u00e0 200%. \u00c0 gauche veine avec une premi\u00e8re vague qui d\u00e9ferle l\u00e9g\u00e8rement qui indique un futur rouleau La navigation sur ce type de barrage est d\u00e9conseill\u00e9e car pr\u00e9sence du rappel et une absence de contre permettant une[&#8230;]<\/div><\/li>\n<li><a class=\"wp-block-latest-posts__post-title\" href=\"http:\/\/www.canoekayak-lemans.net\/index.php\/2022\/12\/12\/physiologie\/\">Physiologie<\/a><div class=\"wp-block-latest-posts__post-excerpt\">Apr\u00e8s Tout ce qui se passe dans nos t\u00eates ,tout ce qui se passe dans nos muscles durant un effort. Nous allons vivre dans notre corps pendant au moins 80 ans il est normal de si int\u00e9resser non?D.F Que muscle le kayak ? Quelles zones et parties du corps travaill\u00e9es et sollicit\u00e9es en faisant du[&#8230;]<\/div><\/li>\n<li><a class=\"wp-block-latest-posts__post-title\" href=\"http:\/\/www.canoekayak-lemans.net\/index.php\/2022\/12\/06\/la-passion-du-geste\/\">La passion du geste et rien d&rsquo;autre.<\/a><div class=\"wp-block-latest-posts__post-excerpt\">La passion du geste et rien d&rsquo;autre. Toutes les disciplines ont des passionn\u00e9s qui travaillent sans cesse, pour am\u00e9liorer et devenir Meilleur et pas le Meilleur. Voici 2 films mythiques des ann\u00e9es 1980. A m\u00e9diter sur l&rsquo;engagement qui est souvent incompris. Fran\u00e7ois Ciroteau et Bernard Lambolez, son \u00e9quipier, pratiquent le kayak extr\u00eame en Corse. Fran\u00e7ois[&#8230;]<\/div><\/li>\n<li><a class=\"wp-block-latest-posts__post-title\" href=\"http:\/\/www.canoekayak-lemans.net\/index.php\/2022\/12\/01\/st-leonard-2022\/\">St L\u00e9onard 2022<\/a><div class=\"wp-block-latest-posts__post-excerpt\">Le 10 et 11 d\u00e9cembre La course de ST L\u00e9o quelques photos d&rsquo;hier. Quelques photos qui sont pas si vieilles que cela! Lien vers EVO D.F<\/div><\/li>\n<li><a class=\"wp-block-latest-posts__post-title\" href=\"http:\/\/www.canoekayak-lemans.net\/index.php\/2022\/11\/29\/la-reparation\/\">La r\u00e9paration.<\/a><div class=\"wp-block-latest-posts__post-excerpt\">PDF:<\/div><\/li>\n<li><a class=\"wp-block-latest-posts__post-title\" href=\"http:\/\/www.canoekayak-lemans.net\/index.php\/2022\/11\/29\/le-sponsoring\/\">Le sponsoring.<\/a><div class=\"wp-block-latest-posts__post-excerpt\">Def: Le\u00a0sponsoring\u00a0est un accord aux termes duquel une entreprise apporte un soutien financier, mat\u00e9riel ou humain \u00e0 une personne ou \u00e0 une organisation, qui, en contrepartie, promeut la marque selon les modalit\u00e9s convenues: Lien vers article CLIC Autre moyen de financer son projet Def: Le m\u00e9c\u00e9nat sportif est une pratique d&rsquo;entreprise beaucoup moins courante que[&#8230;]<\/div><\/li>\n<li><a class=\"wp-block-latest-posts__post-title\" href=\"http:\/\/www.canoekayak-lemans.net\/index.php\/2022\/11\/28\/les-trajectoires\/\">Les trajectoires<\/a><div class=\"wp-block-latest-posts__post-excerpt\">Sur la fin de cette vid\u00e9o on peut voire, une trajectoire un peut \u00ab\u00a0rock and roll\u00a0\u00bb. Pourquoi une fin de parcours dans les cailloux? Le d\u00e9but de course, voir les 3 quarts du parcours se fait en rive gauche, mais la cellule qui arr\u00eate le chrono est plac\u00e9e en biais, ce qui fait que le[&#8230;]<\/div><\/li>\n<li><a class=\"wp-block-latest-posts__post-title\" href=\"http:\/\/www.canoekayak-lemans.net\/index.php\/2022\/11\/25\/la-motricite\/\">La Motricit\u00e9<\/a><div class=\"wp-block-latest-posts__post-excerpt\">Tout ce qui se passe dans nos t\u00eates lors d&rsquo;une action D.F<\/div><\/li>\n<li><a class=\"wp-block-latest-posts__post-title\" href=\"http:\/\/www.canoekayak-lemans.net\/index.php\/2022\/11\/24\/document-descente\/\">Document descente<\/a><div class=\"wp-block-latest-posts__post-excerpt\">Sur cette page qui sera en \u00e9volution des documents sur la navigation, plus particuli\u00e8rement: la descente D.F<\/div><\/li>\n<li><a class=\"wp-block-latest-posts__post-title\" href=\"http:\/\/www.canoekayak-lemans.net\/index.php\/2022\/06\/14\/hellitreuillage\/\">H\u00e9llitreuillage<\/a><div class=\"wp-block-latest-posts__post-excerpt\">Et oui au Mans on les moyens !<\/div><\/li>\n<li><a class=\"wp-block-latest-posts__post-title\" href=\"http:\/\/www.canoekayak-lemans.net\/index.php\/2022\/06\/11\/inondation-au-mans\/\">Inondation au Mans<\/a><div class=\"wp-block-latest-posts__post-excerpt\">Image d&rsquo;archive sur INA la ville du Mans en 1995 CLIC lien vers galerie: Ile aux Sports sous l&rsquo;eau Didier freslon<\/div><\/li>\n<li><a class=\"wp-block-latest-posts__post-title\" href=\"http:\/\/www.canoekayak-lemans.net\/index.php\/2022\/06\/11\/lhuisne-a-travers-le-temps\/\">L&rsquo;Huisne \u00e0 travers le temps.<\/a><div class=\"wp-block-latest-posts__post-excerpt\">Une grande partie de ces photos sont sur ce lien CLIC Usine des eaux D\u00e9but du XX \u00e8me si\u00e8cle Le barrage de Pontlieu en r\u00e9paration CLIC Sur toutes les rivi\u00e8res \u00e0 travers les \u00e9poques, les habitants se rassemblaient pour se divertir, danser, manger, canoter. Sur le lien suivant, un article parut en Mai 2005 dans[&#8230;]<\/div><\/li>\n<li><a class=\"wp-block-latest-posts__post-title\" href=\"http:\/\/www.canoekayak-lemans.net\/index.php\/2022\/06\/10\/monstre-legendaire\/\">Monstre l\u00e9gendaire<\/a><div class=\"wp-block-latest-posts__post-excerpt\">Dans la vall\u00e9e de l\u2019Huisne. La Velue, montre l\u00e9gendaire. Au XIVe&nbsp;si\u00e8cle, sur les bords de l\u2019Huisne, vivait un monstre qui portait la d\u00e9solation dans les fermes solitaires de la contr\u00e9e, s\u2019aventurant m\u00eame, aux noires nuits d\u2019hiver, jusque dans les rues de la Fert\u00e9-Bernard. Ca monstre avait \u00e9t\u00e9 baptis\u00e9 par les populations affol\u00e9es du nom de[&#8230;]<\/div><\/li>\n<li><a class=\"wp-block-latest-posts__post-title\" href=\"http:\/\/www.canoekayak-lemans.net\/index.php\/2022\/06\/10\/jacques-chardon-et-le-ckcm\/\">Jacques Chardon et le CKCM<\/a><div class=\"wp-block-latest-posts__post-excerpt\">Naissance du Cano\u00eb-Kayak Club du MANS Depuis mars 1964, des cano\u00e9istes se rencontrent r\u00e9guli\u00e8rement sur nos cours d&rsquo;eau r\u00e9gionaux : Sarthe, Colmont, Rouvre, Orne. Tous sont \u00e9pris de comp\u00e9tition mais d\u00e9pendent de diff\u00e9rents groupes et de diff\u00e9rentes assurances, m\u00eame \u00e0 l&rsquo;int\u00e9rieur d&rsquo;un m\u00eame groupe. Il y a l\u00e0 principalement deux groupes le clan \u00a0\u00bbviking\u00a0\u00bb des[&#8230;]<\/div><\/li>\n<\/ul><\/div>\n<\/div>\n","protected":false},"excerpt":{"rendered":"<p>Par Didier Freslon:<\/p>\n","protected":false},"author":1,"featured_media":0,"parent":0,"menu_order":0,"comment_status":"closed","ping_status":"closed","template":"","meta":{"iawp_total_views":208,"footnotes":""},"class_list":["post-151","page","type-page","status-publish","hentry","et-post-article","et-default-post-layout"],"_links":{"self":[{"href":"http:\/\/www.canoekayak-lemans.net\/index.php\/wp-json\/wp\/v2\/pages\/151","targetHints":{"allow":["GET"]}}],"collection":[{"href":"http:\/\/www.canoekayak-lemans.net\/index.php\/wp-json\/wp\/v2\/pages"}],"about":[{"href":"http:\/\/www.canoekayak-lemans.net\/index.php\/wp-json\/wp\/v2\/types\/page"}],"author":[{"embeddable":true,"href":"http:\/\/www.canoekayak-lemans.net\/index.php\/wp-json\/wp\/v2\/users\/1"}],"replies":[{"embeddable":true,"href":"http:\/\/www.canoekayak-lemans.net\/index.php\/wp-json\/wp\/v2\/comments?post=151"}],"version-history":[{"count":9,"href":"http:\/\/www.canoekayak-lemans.net\/index.php\/wp-json\/wp\/v2\/pages\/151\/revisions"}],"predecessor-version":[{"id":433,"href":"http:\/\/www.canoekayak-lemans.net\/index.php\/wp-json\/wp\/v2\/pages\/151\/revisions\/433"}],"wp:attachment":[{"href":"http:\/\/www.canoekayak-lemans.net\/index.php\/wp-json\/wp\/v2\/media?parent=151"}],"curies":[{"name":"wp","href":"https:\/\/api.w.org\/{rel}","templated":true}]}}