{"id":262,"date":"2022-09-04T19:06:43","date_gmt":"2022-09-04T17:06:43","guid":{"rendered":"http:\/\/www.canoekayak-lemans.net\/?page_id=262"},"modified":"2025-10-06T20:13:33","modified_gmt":"2025-10-06T18:13:33","slug":"pratique-du-canoe-et-du-kayak","status":"publish","type":"page","link":"http:\/\/www.canoekayak-lemans.net\/index.php\/pratique-du-canoe-et-du-kayak\/","title":{"rendered":"Se licencier au CKCM"},"content":{"rendered":"\n<p class=\"has-medium-font-size\"><\/p>\n\n\n\n<p class=\"has-text-color has-link-color has-large-font-size wp-elements-82a439d539d833f050e12c787dd1ee36\" style=\"color:#0b1564\">Pourquoi prendre une licence au CKCM?<\/p>\n\n\n\n<p><\/p>\n\n\n\n<figure class=\"wp-block-table has-medium-font-size\"><table><tbody><tr><td>La licence CKCM vous donne acc\u00e8s :<br>1) 2 s\u00e9ances de l&rsquo;\u00e9cole de pagaie par semaine (tous les mercredi et samedi de 13H45 \u00e0 16h00.)<br>2) Pr\u00eat de mat\u00e9riel de navigation (gilet, pagaie, bateau et casque)<br>3) Participation aux sorties du groupe loisirs (voir <a href=\"http:\/\/www.canoekayak-lemans.net\/index.php\/agenda-du-club\/\">agenda <\/a>du club)<br>4) Avec l&rsquo;option comp\u00e9tition : le droit de participer \u00e0 toutes les courses officielles organis\u00e9es par la FFCK.<br>5) Fabrication\/r\u00e9paration de canoe et kayak<\/td><td><img loading=\"lazy\" decoding=\"async\" width=\"250\" height=\"167\" class=\"wp-image-475\" style=\"width: 250px;\" src=\"http:\/\/www.canoekayak-lemans.net\/wp-content\/uploads\/2023\/03\/Pontlieue-8.jpg\" alt=\"\" srcset=\"http:\/\/www.canoekayak-lemans.net\/wp-content\/uploads\/2023\/03\/Pontlieue-8.jpg 1772w, http:\/\/www.canoekayak-lemans.net\/wp-content\/uploads\/2023\/03\/Pontlieue-8-300x200.jpg 300w, http:\/\/www.canoekayak-lemans.net\/wp-content\/uploads\/2023\/03\/Pontlieue-8-1024x682.jpg 1024w, http:\/\/www.canoekayak-lemans.net\/wp-content\/uploads\/2023\/03\/Pontlieue-8-768x512.jpg 768w, http:\/\/www.canoekayak-lemans.net\/wp-content\/uploads\/2023\/03\/Pontlieue-8-1536x1024.jpg 1536w\" sizes=\"auto, (max-width: 250px) 100vw, 250px\" \/><img loading=\"lazy\" decoding=\"async\" width=\"250\" height=\"333\" class=\"wp-image-647\" style=\"width: 250px;\" src=\"http:\/\/www.canoekayak-lemans.net\/wp-content\/uploads\/2023\/10\/20221015_103526-scaled.jpg\" alt=\"\" srcset=\"http:\/\/www.canoekayak-lemans.net\/wp-content\/uploads\/2023\/10\/20221015_103526-scaled.jpg 1920w, http:\/\/www.canoekayak-lemans.net\/wp-content\/uploads\/2023\/10\/20221015_103526-225x300.jpg 225w, http:\/\/www.canoekayak-lemans.net\/wp-content\/uploads\/2023\/10\/20221015_103526-768x1024.jpg 768w, http:\/\/www.canoekayak-lemans.net\/wp-content\/uploads\/2023\/10\/20221015_103526-1152x1536.jpg 1152w, http:\/\/www.canoekayak-lemans.net\/wp-content\/uploads\/2023\/10\/20221015_103526-1536x2048.jpg 1536w\" sizes=\"auto, (max-width: 250px) 100vw, 250px\" \/><\/td><\/tr><\/tbody><\/table><\/figure>\n\n\n\n<p class=\"has-text-align-left has-text-color has-link-color has-large-font-size wp-elements-a30855905ea1ba2d230b5ad773f47a7e\" style=\"color:#0b1564\">Tarifs des licences<\/p>\n\n\n\n<p class=\"has-text-align-center has-medium-font-size\"><em>Pass&rsquo; sport, coupons sport et ch\u00e8ques CAF accept\u00e9s<\/em><\/p>\n\n\n\n<figure class=\"wp-block-table\"><table class=\"has-fixed-layout\"><tbody><tr><td><strong>Moins 18 ans :<\/strong><\/td><td><strong><mark style=\"background-color:rgba(0, 0, 0, 0);color:#0b1564\" class=\"has-inline-color\">Pratique Loisir et Comp\u00e9tition (1 an): <\/mark><\/strong><br><strong>140 euros<\/strong> (affiliation \u00e0 la <a href=\"https:\/\/www.ffck.org\/\">FFCK<\/a>) <br><em>+10 euros si adh\u00e9sion en septembre<\/em><br>Tarif 3 mois : 50 euros<\/td><\/tr><tr><td><strong>Plus de 18 ans :<\/strong><br><\/td><td><strong><mark style=\"background-color:rgba(0, 0, 0, 0);color:#0b1564\" class=\"has-inline-color\">Pratique Loisir (1 an) : <\/mark><\/strong><br><strong>155 euros<\/strong> (affiliation \u00e0 l\u2019<a href=\"https:\/\/www.ufolep.org\/\">UFOLEP<\/a>) <br><mark style=\"background-color:rgba(0, 0, 0, 0);color:#0b1564\" class=\"has-inline-color\"><strong>Pratique Comp\u00e9tition <\/strong>:<\/mark> <br><strong>160 euros<\/strong> (affiliation \u00e0 la <a href=\"https:\/\/www.ffck.org\/\">FFCK<\/a>) <br><em>+20 euros pour inscription en septembre<\/em><\/td><\/tr><\/tbody><\/table><\/figure>\n\n\n\n<p><\/p>\n\n\n\n<p class=\"has-text-align-left has-text-color has-link-color has-large-font-size wp-elements-7c2176cadccb1174a963fafd604aaecf\" style=\"color:#0b1564\">Dossier d&rsquo;inscription FFCK<\/p>\n\n\n\n<p class=\"has-text-align-center\">(\u00e0 t\u00e9l\u00e9charger et \u00e0 envoyer par email)<\/p>\n\n\n\n<p class=\"has-text-align-center\"><\/p>\n\n\n\n<div data-wp-interactive=\"core\/file\" class=\"wp-block-file\"><object data-wp-bind--hidden=\"!state.hasPdfPreview\" hidden class=\"wp-block-file__embed\" data=\"http:\/\/www.canoekayak-lemans.net\/wp-content\/uploads\/2025\/10\/Dossier-inscription-2023-formulaire.pdf\" type=\"application\/pdf\" style=\"width:100%;height:600px\" aria-label=\"Contenu embarqu\u00e9 Dossier-inscription-2023-formulaire.\"><\/object><a id=\"wp-block-file--media-8ed5246d-1260-4648-bbd4-010974b6d6ad\" href=\"http:\/\/www.canoekayak-lemans.net\/wp-content\/uploads\/2025\/10\/Dossier-inscription-2023-formulaire.pdf\">Dossier-inscription-2023-formulaire<\/a><a href=\"http:\/\/www.canoekayak-lemans.net\/wp-content\/uploads\/2025\/10\/Dossier-inscription-2023-formulaire.pdf\" class=\"wp-block-file__button wp-element-button\" download aria-describedby=\"wp-block-file--media-8ed5246d-1260-4648-bbd4-010974b6d6ad\">T\u00e9l\u00e9charger<\/a><\/div>\n\n\n\n<p>Questionnaire de sant\u00e9 \u00e0 remplir tous les ans (avec un certificat m\u00e9dical valide &#8211; 3 ans)<\/p>\n\n\n\n<div data-wp-interactive=\"core\/file\" class=\"wp-block-file\"><object data-wp-bind--hidden=\"!state.hasPdfPreview\" hidden class=\"wp-block-file__embed\" data=\"http:\/\/www.canoekayak-lemans.net\/wp-content\/uploads\/2025\/09\/25-26-Questionnaire_de_sante_Adulte-2.pdf\" type=\"application\/pdf\" style=\"width:100%;height:600px\" aria-label=\"Contenu embarqu\u00e9 25-26-Questionnaire_de_sante_Adulte.\"><\/object><a id=\"wp-block-file--media-48f6dcbf-7cbc-4067-b568-75223eb418b5\" href=\"http:\/\/www.canoekayak-lemans.net\/wp-content\/uploads\/2025\/09\/25-26-Questionnaire_de_sante_Adulte-2.pdf\">25-26-Questionnaire_de_sante_Adulte<\/a><a href=\"http:\/\/www.canoekayak-lemans.net\/wp-content\/uploads\/2025\/09\/25-26-Questionnaire_de_sante_Adulte-2.pdf\" class=\"wp-block-file__button wp-element-button\" download aria-describedby=\"wp-block-file--media-48f6dcbf-7cbc-4067-b568-75223eb418b5\">T\u00e9l\u00e9charger<\/a><\/div>\n\n\n<div class=\"wp-block-image\">\n<figure class=\"aligncenter size-full\"><img decoding=\"async\" src=\"http:\/\/www.canoekayak-lemans.net\/wp-content\/uploads\/2025\/09\/25-26-Demande_Licence_Ufolep_web-1.pdf\" alt=\"\" class=\"wp-image-1107\"\/><\/figure>\n<\/div>\n\n\n<p class=\"has-large-font-size\">Dossier d&rsquo;inscription UFOLEP<\/p>\n\n\n\n<div data-wp-interactive=\"core\/file\" class=\"wp-block-file\"><object data-wp-bind--hidden=\"!state.hasPdfPreview\" hidden class=\"wp-block-file__embed\" data=\"http:\/\/www.canoekayak-lemans.net\/wp-content\/uploads\/2025\/09\/25-26-Demande_Licence_Ufolep_web-2.pdf\" type=\"application\/pdf\" style=\"width:100%;height:600px\" aria-label=\"Contenu embarqu\u00e9 25-26-Demande_Licence_Ufolep_web.\"><\/object><a id=\"wp-block-file--media-7110cea8-54ea-495e-a0c4-10c9f58e39b5\" href=\"http:\/\/www.canoekayak-lemans.net\/wp-content\/uploads\/2025\/09\/25-26-Demande_Licence_Ufolep_web-2.pdf\">25-26-Demande_Licence_Ufolep_web<\/a><a href=\"http:\/\/www.canoekayak-lemans.net\/wp-content\/uploads\/2025\/09\/25-26-Demande_Licence_Ufolep_web-2.pdf\" class=\"wp-block-file__button wp-element-button\" download aria-describedby=\"wp-block-file--media-7110cea8-54ea-495e-a0c4-10c9f58e39b5\">T\u00e9l\u00e9charger<\/a><\/div>\n","protected":false},"excerpt":{"rendered":"<p>Pourquoi prendre une licence au CKCM? La licence CKCM vous donne acc\u00e8s :1) 2 s\u00e9ances de l&rsquo;\u00e9cole de pagaie par semaine (tous les mercredi et samedi de 13H45 \u00e0 16h00.)2) Pr\u00eat de mat\u00e9riel de navigation (gilet, pagaie, bateau et casque)3) Participation aux sorties du groupe loisirs (voir agenda du club)4) Avec l&rsquo;option comp\u00e9tition : le[&#8230;]<\/p>\n","protected":false},"author":1,"featured_media":0,"parent":0,"menu_order":0,"comment_status":"closed","ping_status":"closed","template":"","meta":{"iawp_total_views":702,"footnotes":""},"class_list":["post-262","page","type-page","status-publish","hentry","et-post-article","et-default-post-layout"],"_links":{"self":[{"href":"http:\/\/www.canoekayak-lemans.net\/index.php\/wp-json\/wp\/v2\/pages\/262","targetHints":{"allow":["GET"]}}],"collection":[{"href":"http:\/\/www.canoekayak-lemans.net\/index.php\/wp-json\/wp\/v2\/pages"}],"about":[{"href":"http:\/\/www.canoekayak-lemans.net\/index.php\/wp-json\/wp\/v2\/types\/page"}],"author":[{"embeddable":true,"href":"http:\/\/www.canoekayak-lemans.net\/index.php\/wp-json\/wp\/v2\/users\/1"}],"replies":[{"embeddable":true,"href":"http:\/\/www.canoekayak-lemans.net\/index.php\/wp-json\/wp\/v2\/comments?post=262"}],"version-history":[{"count":17,"href":"http:\/\/www.canoekayak-lemans.net\/index.php\/wp-json\/wp\/v2\/pages\/262\/revisions"}],"predecessor-version":[{"id":1114,"href":"http:\/\/www.canoekayak-lemans.net\/index.php\/wp-json\/wp\/v2\/pages\/262\/revisions\/1114"}],"wp:attachment":[{"href":"http:\/\/www.canoekayak-lemans.net\/index.php\/wp-json\/wp\/v2\/media?parent=262"}],"curies":[{"name":"wp","href":"https:\/\/api.w.org\/{rel}","templated":true}]}}