{"id":676,"date":"2024-01-04T14:35:40","date_gmt":"2024-01-04T13:35:40","guid":{"rendered":"http:\/\/www.canoekayak-lemans.net\/?page_id=676"},"modified":"2024-01-04T14:35:43","modified_gmt":"2024-01-04T13:35:43","slug":"sponsoring-mecenat","status":"publish","type":"page","link":"http:\/\/www.canoekayak-lemans.net\/index.php\/sponsoring-mecenat\/","title":{"rendered":"Sponsoring &#038; M\u00e9c\u00e9nat"},"content":{"rendered":"\n<h2 class=\"wp-block-heading\">Sponsoring &amp; M\u00e9c\u00e9nat<\/h2>\n\n\n<div class=\"wp-block-image\">\n<figure class=\"aligncenter size-full\"><img loading=\"lazy\" decoding=\"async\" width=\"600\" height=\"429\" src=\"http:\/\/www.canoekayak-lemans.net\/wp-content\/uploads\/2024\/01\/needyou1.jpg\" alt=\"\" class=\"wp-image-678\" srcset=\"http:\/\/www.canoekayak-lemans.net\/wp-content\/uploads\/2024\/01\/needyou1.jpg 600w, http:\/\/www.canoekayak-lemans.net\/wp-content\/uploads\/2024\/01\/needyou1-300x215.jpg 300w\" sizes=\"auto, (max-width: 600px) 100vw, 600px\" \/><\/figure>\n<\/div>\n\n\n<p>Afin d&rsquo;assurer la p\u00e9rennit\u00e9 de notre association et notamment le renouvellement de notre flotte de bateaux et de nos \u00e9quipements (pagaies, gilets, casques&#8230;) nous avons besoin de diversifier nos sources de financements. Si vous \u00eates une entreprise ou un particulier qui souhaite nous aider dans cette t\u00e2che cet article vous concerne.<\/p>\n\n\n\n<p class=\"has-text-color has-link-color wp-elements-bdd6120c0c22ccd5c6f72e47e8836c6e\" style=\"color:#230fed\"><strong>Quels sont les avantages \u00e0 faire du sponsoring&nbsp;?<\/strong><\/p>\n\n\n\n<ul class=\"wp-block-list\">\n<li>Faire de la <strong>publicit\u00e9 \u00e0 moindre co\u00fbt<\/strong> que sur des supports classiques (t\u00e9l\u00e9vision, journaux\u2026).<\/li>\n\n\n\n<li>Apporte \u00e0 l\u2019entreprise de la <strong>notori\u00e9t\u00e9<\/strong> et lui permet de mettre en avant certaines valeurs qu\u2019elle souhaite v\u00e9hiculer.<\/li>\n\n\n\n<li>Permettre de <strong>se diff\u00e9rencier des concurrents<\/strong> qui restent cantonn\u00e9s \u00e0 des supports de communication classiques.<\/li>\n\n\n\n<li>Les charges d\u00e9pens\u00e9es pour faire du sponsoring sont <strong>d\u00e9ductibles du r\u00e9sultat fiscal<\/strong> \u00e0 condition qu\u2019elles soient, comme toutes les charges d\u00e9ductibles, r\u00e9alis\u00e9es dans l\u2019int\u00e9r\u00eat de l\u2019entreprise.<\/li>\n\n\n\n<li>La <strong>TVA est d\u00e9ductible <\/strong>sur les factures qui entrent dans le cadre du sponsoring, c\u2019est-\u00e0-dire qu\u2019elle vient en moins de la TVA collect\u00e9e sur les ventes.<\/li>\n<\/ul>\n\n\n\n<p class=\"has-text-color has-link-color wp-elements-ad5cdcd8e51375af359f90814135ac6d\" style=\"color:#230fed\"><strong>Nos propositions de sponsoring<\/strong><\/p>\n\n\n\n<ul class=\"wp-block-list\">\n<li><strong>Panneaux publicitaires<\/strong> (1 an) sur le site de location (\u00eele aux sports).<br>Int\u00e9r\u00eat : nombreuses personnes se balladent ou font du sport autour du lac : grande visibilit\u00e9<br><em>Tarif : Prix du panneau + location emplacement \u00e0 l\u2019ann\u00e9e (1000 euros)<\/em><\/li>\n\n\n\n<li><strong>Achat d\u2019un cano\u00e9 biplace avec marquage publicitaire <\/strong>(5 ans) pour location\/prestation<br>Int\u00e9r\u00eat : publicit\u00e9 visible lors des locations, manifestations, encadrement de groupes\u2026<br><em>Tarif : achat du bateau + co\u00fbt des stickers + publicit\u00e9: 1200 euros\/unit\u00e9<\/em><\/li>\n\n\n\n<li><strong>Publicit\u00e9 sur le v\u00e9hicule de transport<\/strong> <strong>du club<\/strong><br>Int\u00e9r\u00eat : publicit\u00e9 lors des nombreux d\u00e9placements \u00e0 travers le d\u00e9partement, la r\u00e9gion et la France<br><em>Tarif : 2500 euros (dur\u00e9e=5 ans)<\/em><\/li>\n\n\n\n<li><strong>Autres propositions individualisables<\/strong><\/li>\n<\/ul>\n\n\n\n<p class=\"has-text-color has-link-color wp-elements-1945f3242767bccf1b37ce9be03706ad\" style=\"color:#230fed\"><strong>Contacts<\/strong><\/p>\n\n\n\n<p>Jean-Yves Beaussier (Pr\u00e9sident) : <a href=\"mailto:jeanyves.beaussier@gmail.com\">jeanyves.beaussier@gmail.com<\/a><br>Nicolas Delorme (Tr\u00e9sorier) : <a href=\"mailto:nicolas.delorme@univ-lemans.fr\">nicolas.delorme@univ-lemans.fr<\/a> <\/p>\n","protected":false},"excerpt":{"rendered":"<p>Sponsoring &amp; M\u00e9c\u00e9nat Afin d&rsquo;assurer la p\u00e9rennit\u00e9 de notre association et notamment le renouvellement de notre flotte de bateaux et de nos \u00e9quipements (pagaies, gilets, casques&#8230;) nous avons besoin de diversifier nos sources de financements. Si vous \u00eates une entreprise ou un particulier qui souhaite nous aider dans cette t\u00e2che cet article vous concerne. Quels[&#8230;]<\/p>\n","protected":false},"author":1,"featured_media":0,"parent":0,"menu_order":0,"comment_status":"closed","ping_status":"closed","template":"","meta":{"iawp_total_views":130,"footnotes":""},"class_list":["post-676","page","type-page","status-publish","hentry","et-post-article","et-default-post-layout"],"_links":{"self":[{"href":"http:\/\/www.canoekayak-lemans.net\/index.php\/wp-json\/wp\/v2\/pages\/676","targetHints":{"allow":["GET"]}}],"collection":[{"href":"http:\/\/www.canoekayak-lemans.net\/index.php\/wp-json\/wp\/v2\/pages"}],"about":[{"href":"http:\/\/www.canoekayak-lemans.net\/index.php\/wp-json\/wp\/v2\/types\/page"}],"author":[{"embeddable":true,"href":"http:\/\/www.canoekayak-lemans.net\/index.php\/wp-json\/wp\/v2\/users\/1"}],"replies":[{"embeddable":true,"href":"http:\/\/www.canoekayak-lemans.net\/index.php\/wp-json\/wp\/v2\/comments?post=676"}],"version-history":[{"count":4,"href":"http:\/\/www.canoekayak-lemans.net\/index.php\/wp-json\/wp\/v2\/pages\/676\/revisions"}],"predecessor-version":[{"id":1021,"href":"http:\/\/www.canoekayak-lemans.net\/index.php\/wp-json\/wp\/v2\/pages\/676\/revisions\/1021"}],"wp:attachment":[{"href":"http:\/\/www.canoekayak-lemans.net\/index.php\/wp-json\/wp\/v2\/media?parent=676"}],"curies":[{"name":"wp","href":"https:\/\/api.w.org\/{rel}","templated":true}]}}