{"id":75,"date":"2022-06-04T18:59:20","date_gmt":"2022-06-04T16:59:20","guid":{"rendered":"http:\/\/www.canoekayak-lemans.net\/?page_id=75"},"modified":"2025-09-08T09:26:57","modified_gmt":"2025-09-08T07:26:57","slug":"prestations-groupes-entreprises","status":"publish","type":"page","link":"http:\/\/www.canoekayak-lemans.net\/index.php\/prestations-groupes-entreprises\/","title":{"rendered":"Prestations groupes\/entreprises"},"content":{"rendered":"\n<p class=\"has-text-align-center\" style=\"font-size:24px\"><em>Enterrement de vie de gar\u00e7on\/fille, anniversaires, comit\u00e9 d&rsquo;entreprise\u2026<\/em><\/p>\n\n\n\n<p class=\"has-text-align-center has-background\" style=\"background-color:#09056973;font-size:24px\"><strong>Contact<\/strong> : 06 52 84 06 63 ou <a rel=\"noreferrer noopener\" href=\"mailto:ckclemans@gmail.com\" target=\"_blank\">ckclemans@gmail.com<\/a><\/p>\n\n\n\n<div style=\"height:10px\" aria-hidden=\"true\" class=\"wp-block-spacer\"><\/div>\n\n\n\n<p class=\"has-text-color has-link-color has-large-font-size wp-elements-ee55f8aead04c89aa257691f869fcbae\" style=\"color:#080568\"><\/p>\n\n\n\n<div style=\"height:10px\" aria-hidden=\"true\" class=\"wp-block-spacer\"><\/div>\n\n\n\n<p class=\"has-text-color has-link-color has-large-font-size wp-elements-0c2ee3eb6f8a05f5f1a6adee7e3aafc3\" style=\"color:#080568\">Nos engagements<\/p>\n\n\n\n<ul style=\"font-size:24px\" class=\"wp-block-list\">\n<li class=\"has-medium-font-size\">L\u2019accompagnateur est un professionnel dipl\u00f4m\u00e9 Brevet d\u2019\u00c9tat ou Brevet Professionnel, qualifi\u00e9 pour la d\u00e9couverte de l\u2019environnement<\/li>\n\n\n\n<li class=\"has-medium-font-size\">L\u2019\u00e9quipement de s\u00e9curit\u00e9 et de confort est fourni<\/li>\n\n\n\n<li class=\"has-medium-font-size\">Le mat\u00e9riel est en parfait \u00e9tat de fonctionnement et propre<\/li>\n\n\n\n<li class=\"has-medium-font-size\">L\u2019activit\u00e9 est parfaitement respectueuse de l\u2019environnement<\/li>\n<\/ul>\n\n\n\n<div style=\"height:31px\" aria-hidden=\"true\" class=\"wp-block-spacer\"><\/div>\n\n\n\n<p class=\"has-text-color has-link-color has-large-font-size wp-elements-be8d89cc0693a745380ea54af1a4739a\" style=\"color:#080568\">Exemples de prestations<\/p>\n\n\n\n<p class=\"has-medium-font-size\"><strong>1) S\u00e9ance encadr\u00e9e de&nbsp;3&nbsp;heures autour de l&rsquo;\u00cele&nbsp; aux Sport<\/strong><\/p>\n\n\n\n<figure class=\"wp-block-table has-medium-font-size\"><table><tbody><tr><td><strong>D\u00e9part<\/strong> : Ile aux Sports<br><strong>Contenu<\/strong>: Pratique du kayak, jeux d\u2019\u00e9quilibres, natation en eau vive.<br><strong>Tarif : <\/strong>320 euros pour 14 personnes<\/td><td class=\"has-text-align-center\" data-align=\"center\"><img loading=\"lazy\" decoding=\"async\" width=\"500\" height=\"333\" class=\"wp-image-686\" style=\"width: 500px;\" src=\"http:\/\/www.canoekayak-lemans.net\/wp-content\/uploads\/2024\/01\/ballade-2020-2.jpg\" alt=\"\" srcset=\"http:\/\/www.canoekayak-lemans.net\/wp-content\/uploads\/2024\/01\/ballade-2020-2.jpg 866w, http:\/\/www.canoekayak-lemans.net\/wp-content\/uploads\/2024\/01\/ballade-2020-2-300x200.jpg 300w, http:\/\/www.canoekayak-lemans.net\/wp-content\/uploads\/2024\/01\/ballade-2020-2-768x512.jpg 768w\" sizes=\"auto, (max-width: 500px) 100vw, 500px\" \/><img loading=\"lazy\" decoding=\"async\" width=\"500\" height=\"375\" class=\"wp-image-685\" style=\"width: 500px;\" src=\"http:\/\/www.canoekayak-lemans.net\/wp-content\/uploads\/2024\/01\/ballade-2020.jpg\" alt=\"\" srcset=\"http:\/\/www.canoekayak-lemans.net\/wp-content\/uploads\/2024\/01\/ballade-2020.jpg 600w, http:\/\/www.canoekayak-lemans.net\/wp-content\/uploads\/2024\/01\/ballade-2020-300x225.jpg 300w\" sizes=\"auto, (max-width: 500px) 100vw, 500px\" \/><\/td><\/tr><\/tbody><\/table><\/figure>\n\n\n\n<p class=\"has-medium-font-size\"><\/p>\n\n\n\n<div style=\"height:10px\" aria-hidden=\"true\" class=\"wp-block-spacer\"><\/div>\n\n\n\n<p class=\"has-medium-font-size\"><strong>2) Randonn\u00e9e Champagn\u00e9-Yvr\u00e9 l&rsquo;Ev\u00eaque<\/strong><\/p>\n\n\n\n<figure class=\"wp-block-table has-medium-font-size\"><table><tbody><tr><td><strong>D\u00e9part<\/strong> : Champagn\u00e9 (10h)<br>Accueil des participants sur le lieu de d\u00e9part. <br>Mise \u00e0 l\u2019eau apr\u00e8s \u00e9quipement des participants<br>Pause d\u00e9jeuner \u00e0 Yvr\u00e9&nbsp;l&rsquo;Ev\u00e8que (12h30)<br><strong>Retour<\/strong>: Ile aux sports (16h)<br><strong>Tarifs: <\/strong>500 euros pour 14 personnes<\/td><td><img loading=\"lazy\" decoding=\"async\" width=\"600\" height=\"393\" class=\"wp-image-1007\" style=\"width: 600px;\" src=\"http:\/\/www.canoekayak-lemans.net\/wp-content\/uploads\/2024\/12\/parcours-rando.jpg\" alt=\"\" srcset=\"http:\/\/www.canoekayak-lemans.net\/wp-content\/uploads\/2024\/12\/parcours-rando.jpg 1478w, http:\/\/www.canoekayak-lemans.net\/wp-content\/uploads\/2024\/12\/parcours-rando-300x197.jpg 300w, http:\/\/www.canoekayak-lemans.net\/wp-content\/uploads\/2024\/12\/parcours-rando-1024x671.jpg 1024w, http:\/\/www.canoekayak-lemans.net\/wp-content\/uploads\/2024\/12\/parcours-rando-768x504.jpg 768w\" sizes=\"auto, (max-width: 600px) 100vw, 600px\" \/><\/td><\/tr><\/tbody><\/table><\/figure>\n\n\n\n<div class=\"wp-block-media-text is-stacked-on-mobile\"><figure class=\"wp-block-media-text__media\"><\/figure><div class=\"wp-block-media-text__content\">\n<p><\/p>\n<\/div><\/div>\n\n\n\n<div data-wp-interactive=\"core\/file\" class=\"wp-block-file\"><object data-wp-bind--hidden=\"!state.hasPdfPreview\" hidden class=\"wp-block-file__embed\" data=\"http:\/\/www.canoekayak-lemans.net\/wp-content\/uploads\/2025\/09\/presentation-cohesion-Rima-06.01.2025.pdf\" type=\"application\/pdf\" style=\"width:100%;height:600px\" aria-label=\"Contenu embarqu\u00e9 pr\u00e9sentation coh\u00e9sion Rima 06.01.2025.\"><\/object><a id=\"wp-block-file--media-2eb27b4b-7161-409a-bd1b-22f27ce8fb63\" href=\"http:\/\/www.canoekayak-lemans.net\/wp-content\/uploads\/2025\/09\/presentation-cohesion-Rima-06.01.2025.pdf\">pr\u00e9sentation coh\u00e9sion Rima 06.01.2025<\/a><a href=\"http:\/\/www.canoekayak-lemans.net\/wp-content\/uploads\/2025\/09\/presentation-cohesion-Rima-06.01.2025.pdf\" class=\"wp-block-file__button wp-element-button\" download aria-describedby=\"wp-block-file--media-2eb27b4b-7161-409a-bd1b-22f27ce8fb63\">T\u00e9l\u00e9charger<\/a><\/div>\n","protected":false},"excerpt":{"rendered":"<p>Enterrement de vie de gar\u00e7on\/fille, anniversaires, comit\u00e9 d&rsquo;entreprise\u2026 Contact : 06 52 84 06 63 ou ckclemans@gmail.com Nos engagements Exemples de prestations 1) S\u00e9ance encadr\u00e9e de&nbsp;3&nbsp;heures autour de l&rsquo;\u00cele&nbsp; aux Sport D\u00e9part : Ile aux SportsContenu: Pratique du kayak, jeux d\u2019\u00e9quilibres, natation en eau vive.Tarif : 320 euros pour 14 personnes 2) Randonn\u00e9e Champagn\u00e9-Yvr\u00e9 l&rsquo;Ev\u00eaque[&#8230;]<\/p>\n","protected":false},"author":1,"featured_media":0,"parent":0,"menu_order":0,"comment_status":"closed","ping_status":"closed","template":"","meta":{"iawp_total_views":739,"footnotes":""},"class_list":["post-75","page","type-page","status-publish","hentry","et-post-article","et-default-post-layout"],"_links":{"self":[{"href":"http:\/\/www.canoekayak-lemans.net\/index.php\/wp-json\/wp\/v2\/pages\/75","targetHints":{"allow":["GET"]}}],"collection":[{"href":"http:\/\/www.canoekayak-lemans.net\/index.php\/wp-json\/wp\/v2\/pages"}],"about":[{"href":"http:\/\/www.canoekayak-lemans.net\/index.php\/wp-json\/wp\/v2\/types\/page"}],"author":[{"embeddable":true,"href":"http:\/\/www.canoekayak-lemans.net\/index.php\/wp-json\/wp\/v2\/users\/1"}],"replies":[{"embeddable":true,"href":"http:\/\/www.canoekayak-lemans.net\/index.php\/wp-json\/wp\/v2\/comments?post=75"}],"version-history":[{"count":14,"href":"http:\/\/www.canoekayak-lemans.net\/index.php\/wp-json\/wp\/v2\/pages\/75\/revisions"}],"predecessor-version":[{"id":1103,"href":"http:\/\/www.canoekayak-lemans.net\/index.php\/wp-json\/wp\/v2\/pages\/75\/revisions\/1103"}],"wp:attachment":[{"href":"http:\/\/www.canoekayak-lemans.net\/index.php\/wp-json\/wp\/v2\/media?parent=75"}],"curies":[{"name":"wp","href":"https:\/\/api.w.org\/{rel}","templated":true}]}}