{"id":80,"date":"2022-06-04T19:08:14","date_gmt":"2022-06-04T17:08:14","guid":{"rendered":"http:\/\/www.canoekayak-lemans.net\/?page_id=80"},"modified":"2023-01-22T22:56:43","modified_gmt":"2023-01-22T21:56:43","slug":"activites-encadrees-pour-les-cm1-et-cm2","status":"publish","type":"page","link":"http:\/\/www.canoekayak-lemans.net\/index.php\/activites-encadrees-pour-les-cm1-et-cm2\/","title":{"rendered":"Activit\u00e9s encadr\u00e9es pour les scolaires"},"content":{"rendered":"\n<p class=\"has-large-font-size\"><strong>Activit\u00e9s encadr\u00e9es pour les CM1 et CM2<\/strong><\/p>\n\n\n\n<p style=\"font-size:24px\">Dossier de pr\u00e9sentation \u00e0 t\u00e9l\u00e9charger ci-dessous:<\/p>\n\n\n\n<div data-wp-interactive=\"core\/file\" class=\"wp-block-file aligncenter\"><object data-wp-bind--hidden=\"!state.hasPdfPreview\" hidden class=\"wp-block-file__embed\" data=\"http:\/\/www.canoekayak-lemans.net\/wp-content\/uploads\/2022\/06\/activite-cm1cm2.pdf\" type=\"application\/pdf\" style=\"width:100%;height:350px\" aria-label=\"Contenu embarqu\u00e9 activite-cm1cm2.\"><\/object><a id=\"wp-block-file--media-18014b7b-0f62-41ae-89c1-9c0c89ee76e4\" href=\"http:\/\/www.canoekayak-lemans.net\/wp-content\/uploads\/2022\/06\/activite-cm1cm2.pdf\">activite-cm1cm2<\/a><a href=\"http:\/\/www.canoekayak-lemans.net\/wp-content\/uploads\/2022\/06\/activite-cm1cm2.pdf\" class=\"wp-block-file__button wp-element-button\" download aria-describedby=\"wp-block-file--media-18014b7b-0f62-41ae-89c1-9c0c89ee76e4\">T\u00e9l\u00e9charger<\/a><\/div>\n\n\n\n<p><\/p>\n\n\n\n<p><\/p>\n\n\n\n<p class=\"has-large-font-size\"><strong>Activit\u00e9s encadr\u00e9es pour les coll\u00e9giens-lyc\u00e9ens<\/strong><\/p>\n\n\n\n<div data-wp-interactive=\"core\/file\" class=\"wp-block-file\"><object data-wp-bind--hidden=\"!state.hasPdfPreview\" hidden class=\"wp-block-file__embed\" data=\"http:\/\/www.canoekayak-lemans.net\/wp-content\/uploads\/2023\/01\/Prestation-etablissements-scolaires-1.pdf\" type=\"application\/pdf\" style=\"width:100%;height:600px\" aria-label=\"Contenu embarqu\u00e9 Prestation-etablissements-scolaires-1.\"><\/object><a id=\"wp-block-file--media-6d2808cd-3d65-4503-9aaa-7319126efcde\" href=\"http:\/\/www.canoekayak-lemans.net\/wp-content\/uploads\/2023\/01\/Prestation-etablissements-scolaires-1.pdf\">Prestation-etablissements-scolaires-1<\/a><a href=\"http:\/\/www.canoekayak-lemans.net\/wp-content\/uploads\/2023\/01\/Prestation-etablissements-scolaires-1.pdf\" class=\"wp-block-file__button wp-element-button\" download aria-describedby=\"wp-block-file--media-6d2808cd-3d65-4503-9aaa-7319126efcde\">T\u00e9l\u00e9charger<\/a><\/div>\n","protected":false},"excerpt":{"rendered":"<p>Activit\u00e9s encadr\u00e9es pour les CM1 et CM2 Dossier de pr\u00e9sentation \u00e0 t\u00e9l\u00e9charger ci-dessous: Activit\u00e9s encadr\u00e9es pour les coll\u00e9giens-lyc\u00e9ens<\/p>\n","protected":false},"author":1,"featured_media":0,"parent":0,"menu_order":0,"comment_status":"closed","ping_status":"closed","template":"","meta":{"iawp_total_views":204,"footnotes":""},"class_list":["post-80","page","type-page","status-publish","hentry","et-post-article","et-default-post-layout"],"_links":{"self":[{"href":"http:\/\/www.canoekayak-lemans.net\/index.php\/wp-json\/wp\/v2\/pages\/80","targetHints":{"allow":["GET"]}}],"collection":[{"href":"http:\/\/www.canoekayak-lemans.net\/index.php\/wp-json\/wp\/v2\/pages"}],"about":[{"href":"http:\/\/www.canoekayak-lemans.net\/index.php\/wp-json\/wp\/v2\/types\/page"}],"author":[{"embeddable":true,"href":"http:\/\/www.canoekayak-lemans.net\/index.php\/wp-json\/wp\/v2\/users\/1"}],"replies":[{"embeddable":true,"href":"http:\/\/www.canoekayak-lemans.net\/index.php\/wp-json\/wp\/v2\/comments?post=80"}],"version-history":[{"count":5,"href":"http:\/\/www.canoekayak-lemans.net\/index.php\/wp-json\/wp\/v2\/pages\/80\/revisions"}],"predecessor-version":[{"id":456,"href":"http:\/\/www.canoekayak-lemans.net\/index.php\/wp-json\/wp\/v2\/pages\/80\/revisions\/456"}],"wp:attachment":[{"href":"http:\/\/www.canoekayak-lemans.net\/index.php\/wp-json\/wp\/v2\/media?parent=80"}],"curies":[{"name":"wp","href":"https:\/\/api.w.org\/{rel}","templated":true}]}}